{"id":3928,"date":"2025-05-16T19:15:04","date_gmt":"2025-05-16T19:15:04","guid":{"rendered":"https:\/\/skwgo.co\/?post_type=product&#038;p=3928"},"modified":"2025-06-26T03:26:39","modified_gmt":"2025-06-26T03:26:39","slug":"servicios","status":"publish","type":"product","link":"https:\/\/skwgo.co\/en\/shop\/identificacion-y-etiquetado\/servicios\/","title":{"rendered":"Services"},"content":{"rendered":"<div data-elementor-type=\"product-post\" data-elementor-id=\"3928\" class=\"elementor elementor-3928\" data-elementor-post-type=\"product\">\n\t\t\t\t\t\t<section class=\"elementor-section elementor-top-section elementor-element elementor-element-0e26cd7 elementor-section-boxed elementor-section-height-default elementor-section-height-default\" data-id=\"0e26cd7\" data-element_type=\"section\" data-e-type=\"section\">\n\t\t\t\t\t\t<div class=\"elementor-container elementor-column-gap-wide\">\n\t\t\t\t\t<div class=\"elementor-column elementor-col-100 elementor-top-column elementor-element elementor-element-8df290c\" data-id=\"8df290c\" data-element_type=\"column\" data-e-type=\"column\" data-settings=\"{&quot;background_background&quot;:&quot;classic&quot;}\">\n\t\t\t<div class=\"elementor-widget-wrap elementor-element-populated\">\n\t\t\t\t\t\t<div class=\"elementor-element elementor-element-25b4d46 elementor-widget elementor-widget-heading\" data-id=\"25b4d46\" data-element_type=\"widget\" data-e-type=\"widget\" data-widget_type=\"heading.default\">\n\t\t\t\t<div class=\"elementor-widget-container\">\n\t\t\t\t\t<h2 class=\"elementor-heading-title elementor-size-default\">SERVICES<\/h2>\t\t\t\t<\/div>\n\t\t\t\t<\/div>\n\t\t\t\t<div class=\"elementor-element elementor-element-e0fee9c elementor-widget elementor-widget-spacer\" data-id=\"e0fee9c\" data-element_type=\"widget\" data-e-type=\"widget\" data-widget_type=\"spacer.default\">\n\t\t\t\t<div class=\"elementor-widget-container\">\n\t\t\t\t\t\t\t<div class=\"elementor-spacer\">\n\t\t\t<div class=\"elementor-spacer-inner\"><\/div>\n\t\t<\/div>\n\t\t\t\t\t\t<\/div>\n\t\t\t\t<\/div>\n\t\t\t\t\t<\/div>\n\t\t<\/div>\n\t\t\t\t\t<\/div>\n\t\t<\/section>\n\t\t\t\t<section class=\"elementor-section elementor-top-section elementor-element elementor-element-fd569df elementor-section-boxed elementor-section-height-default elementor-section-height-default\" data-id=\"fd569df\" data-element_type=\"section\" data-e-type=\"section\">\n\t\t\t\t\t\t<div class=\"elementor-container elementor-column-gap-wide\">\n\t\t\t\t\t<div class=\"elementor-column elementor-col-50 elementor-top-column elementor-element elementor-element-76bc378\" data-id=\"76bc378\" data-element_type=\"column\" data-e-type=\"column\">\n\t\t\t<div class=\"elementor-widget-wrap elementor-element-populated\">\n\t\t\t\t\t\t<div class=\"elementor-element elementor-element-5550400 elementor-widget elementor-widget-text-editor\" data-id=\"5550400\" data-element_type=\"widget\" data-e-type=\"widget\" data-widget_type=\"text-editor.default\">\n\t\t\t\t<div class=\"elementor-widget-container\">\n\t\t\t\t\t\t\t\t\t<p><span data-sheets-root=\"1\">We offer flexible solutions for the labeling process by models, outsourcing and in-house, tailored to the operational needs of each company. With outsourcing, externalizamos production to optimize costs and times, while the model in-house allows for more direct control and supervision in the facility. These options ensure efficiency, accuracy, and reduction of costs in the management of the labeling, improving the productivity and quality of the process in each company. <\/span><\/p>\t\t\t\t\t\t\t\t<\/div>\n\t\t\t\t<\/div>\n\t\t\t\t<div class=\"elementor-element elementor-element-3faf835 elementor-widget elementor-widget-spacer\" data-id=\"3faf835\" data-element_type=\"widget\" data-e-type=\"widget\" data-widget_type=\"spacer.default\">\n\t\t\t\t<div class=\"elementor-widget-container\">\n\t\t\t\t\t\t\t<div class=\"elementor-spacer\">\n\t\t\t<div class=\"elementor-spacer-inner\"><\/div>\n\t\t<\/div>\n\t\t\t\t\t\t<\/div>\n\t\t\t\t<\/div>\n\t\t\t\t\t<\/div>\n\t\t<\/div>\n\t\t\t\t<div class=\"elementor-column elementor-col-50 elementor-top-column elementor-element elementor-element-105bb97\" data-id=\"105bb97\" data-element_type=\"column\" data-e-type=\"column\">\n\t\t\t<div class=\"elementor-widget-wrap elementor-element-populated\">\n\t\t\t\t\t\t<div class=\"elementor-element elementor-element-e7529b9 elementor-widget elementor-widget-spacer\" data-id=\"e7529b9\" data-element_type=\"widget\" data-e-type=\"widget\" data-widget_type=\"spacer.default\">\n\t\t\t\t<div class=\"elementor-widget-container\">\n\t\t\t\t\t\t\t<div class=\"elementor-spacer\">\n\t\t\t<div class=\"elementor-spacer-inner\"><\/div>\n\t\t<\/div>\n\t\t\t\t\t\t<\/div>\n\t\t\t\t<\/div>\n\t\t\t\t<div class=\"elementor-element elementor-element-d04e4eb elementor-widget elementor-widget-video\" data-id=\"d04e4eb\" data-element_type=\"widget\" data-e-type=\"widget\" data-settings=\"{&quot;video_type&quot;:&quot;hosted&quot;,&quot;controls&quot;:&quot;yes&quot;}\" data-widget_type=\"video.default\">\n\t\t\t\t<div class=\"elementor-widget-container\">\n\t\t\t\t\t\t\t<div class=\"e-hosted-video elementor-wrapper elementor-open-inline\">\n\t\t\t\t\t<video class=\"elementor-video\" src=\"https:\/\/skwgo.co\/wp-content\/uploads\/2025\/05\/0620.mov\" controls=\"\" preload=\"metadata\" controlslist=\"nodownload\"><\/video>\n\t\t\t\t<\/div>\n\t\t\t\t\t\t<\/div>\n\t\t\t\t<\/div>\n\t\t\t\t\t<\/div>\n\t\t<\/div>\n\t\t\t\t\t<\/div>\n\t\t<\/section>\n\t\t\t\t<\/div>","protected":false},"excerpt":{"rendered":"<p>SERVICIOS Ofrecemos soluciones flexibles para el proceso de etiquetado mediante modelos outsourcing e in-house, adaptados a las necesidades operativas de cada empresa. Con el outsourcing, externalizamos la producci\u00f3n para optimizar costos y tiempos, mientras que el modelo in-house permite mayor control y supervisi\u00f3n directa en las instalaciones. Estas opciones garantizan eficiencia, precisi\u00f3n y reducci\u00f3n de&hellip;<\/p>","protected":false},"featured_media":4930,"comment_status":"open","ping_status":"closed","template":"elementor_header_footer","meta":[],"product_brand":[],"product_cat":[30],"product_tag":[],"class_list":{"0":"post-3928","1":"product","2":"type-product","3":"status-publish","4":"has-post-thumbnail","6":"product_cat-identificacion-y-etiquetado","8":"first","9":"instock","10":"shipping-taxable","11":"product-type-simple"},"_links":{"self":[{"href":"https:\/\/skwgo.co\/en\/wp-json\/wp\/v2\/product\/3928","targetHints":{"allow":["GET"]}}],"collection":[{"href":"https:\/\/skwgo.co\/en\/wp-json\/wp\/v2\/product"}],"about":[{"href":"https:\/\/skwgo.co\/en\/wp-json\/wp\/v2\/types\/product"}],"replies":[{"embeddable":true,"href":"https:\/\/skwgo.co\/en\/wp-json\/wp\/v2\/comments?post=3928"}],"version-history":[{"count":11,"href":"https:\/\/skwgo.co\/en\/wp-json\/wp\/v2\/product\/3928\/revisions"}],"predecessor-version":[{"id":5013,"href":"https:\/\/skwgo.co\/en\/wp-json\/wp\/v2\/product\/3928\/revisions\/5013"}],"wp:featuredmedia":[{"embeddable":true,"href":"https:\/\/skwgo.co\/en\/wp-json\/wp\/v2\/media\/4930"}],"wp:attachment":[{"href":"https:\/\/skwgo.co\/en\/wp-json\/wp\/v2\/media?parent=3928"}],"wp:term":[{"taxonomy":"product_brand","embeddable":true,"href":"https:\/\/skwgo.co\/en\/wp-json\/wp\/v2\/product_brand?post=3928"},{"taxonomy":"product_cat","embeddable":true,"href":"https:\/\/skwgo.co\/en\/wp-json\/wp\/v2\/product_cat?post=3928"},{"taxonomy":"product_tag","embeddable":true,"href":"https:\/\/skwgo.co\/en\/wp-json\/wp\/v2\/product_tag?post=3928"}],"curies":[{"name":"wp","href":"https:\/\/api.w.org\/{rel}","templated":true}]}}