{"id":4568,"date":"2025-06-03T19:29:48","date_gmt":"2025-06-03T19:29:48","guid":{"rendered":"https:\/\/skwgo.co\/?page_id=4568"},"modified":"2025-06-04T00:41:40","modified_gmt":"2025-06-04T00:41:40","slug":"noticias","status":"publish","type":"page","link":"https:\/\/skwgo.co\/en\/noticias\/","title":{"rendered":"News"},"content":{"rendered":"<div data-elementor-type=\"wp-page\" data-elementor-id=\"4568\" class=\"elementor elementor-4568\" data-elementor-post-type=\"page\">\n\t\t\t\t<div class=\"elementor-element elementor-element-de324e1 e-flex e-con-boxed e-con e-parent\" data-id=\"de324e1\" data-element_type=\"container\" data-e-type=\"container\">\n\t\t\t\t\t<div class=\"e-con-inner\">\n\t\t\t\t<div class=\"elementor-element elementor-element-654b230 elementor-widget elementor-widget-heading\" data-id=\"654b230\" data-element_type=\"widget\" data-e-type=\"widget\" data-widget_type=\"heading.default\">\n\t\t\t\t<div class=\"elementor-widget-container\">\n\t\t\t\t\t<h3 class=\"elementor-heading-title elementor-size-default\">The newest in stock keeper<\/h3>\t\t\t\t<\/div>\n\t\t\t\t<\/div>\n\t\t<div class=\"elementor-element elementor-element-768f559 e-con-full e-flex e-con e-child\" data-id=\"768f559\" data-element_type=\"container\" data-e-type=\"container\">\n\t\t<div class=\"elementor-element elementor-element-cf42b1b e-con-full e-flex e-con e-child\" data-id=\"cf42b1b\" data-element_type=\"container\" data-e-type=\"container\">\n\t\t\t\t<div class=\"elementor-element elementor-element-dc8cf8c preserve-img-ratio-cover elementor-widget elementor-widget-the7_elements\" data-id=\"dc8cf8c\" data-element_type=\"widget\" data-e-type=\"widget\" data-widget_type=\"the7_elements.default\">\n\t\t\t\t<div class=\"elementor-widget-container\">\n\t\t\t\t\t<div class=\"portfolio-shortcode the7-elementor-widget the7_elements-dc8cf8c mode-grid dt-css-grid-wrap classic-layout-list description-under-image quick-scale-img meta-info-off content-bg-on enable-bg-rollover resize-by-browser-width loading-effect-none jquery-filter\" data-padding=\"15px\" data-mobile-columns-num=\"1\" data-tablet-columns-num=\"2\" data-desktop-columns-num=\"3\" data-wide-desktop-columns-num=\"3\" data-post-limit=\"-1\" data-pagination-mode=\"none\" data-scroll-offset=\"\" aria-live=\"assertive\"><div class=\"dt-css-grid custom-pagination-handler\"><div class=\"visible wf-cell\" data-post-id=\"378\" data-date=\"2021-05-03T07:47:51+00:00\" data-name=\"Revista semana edici\u00f3n  N\u00b0 2275 - Especial de alto vuelo\"><article class=\"post visible post-378 type-post status-publish format-standard has-post-thumbnail hentry category-uncategorized-es\" data-name=\"Revista semana edici\u00f3n  N\u00b0 2275 &#8211; Especial de alto vuelo\" data-date=\"2021-05-03T07:47:51+00:00\">\n\n\t<div class=\"post-thumbnail-wrap\">\n\t\t<div class=\"post-thumbnail\">\n\n\t\t\t<a class=\"post-thumbnail-rollover layzr-bg img-css-resize-wrapper\" aria-label=\"Post image\" href=\"https:\/\/skwgo.co\/en\/stock-keeper-en-la-revista-semana\/\"><img fetchpriority=\"high\" decoding=\"async\" width=\"340\" height=\"182\" src=\"data:image\/svg+xml,%3Csvg%20xmlns%3D&#039;http%3A%2F%2Fwww.w3.org%2F2000%2Fsvg&#039;%20viewBox%3D&#039;0%200%20340%20182&#039;%2F%3E\" class=\"attachment-full size-full preload-me aspect lazy lazy-load\" alt=\"\" sizes=\"(max-width: 340px) 100vw, 340px\" style=\"--ratio: 340 \/ 182;\" data-src=\"https:\/\/skwgo.co\/wp-content\/uploads\/2021\/05\/3333.png\" loading=\"eager\" data-srcset=\"https:\/\/skwgo.co\/wp-content\/uploads\/2021\/05\/3333.png 340w, https:\/\/skwgo.co\/wp-content\/uploads\/2021\/05\/3333-300x161.png 300w, https:\/\/skwgo.co\/wp-content\/uploads\/2021\/05\/3333-18x10.png 18w\" \/><span class=\"the7-hover-icon\"><svg aria-hidden=\"true\" class=\"e-font-icon-svg e-fas-plus\" viewbox=\"0 0 448 512\" xmlns=\"http:\/\/www.w3.org\/2000\/svg\"><path d=\"M416 208H272V64c0-17.67-14.33-32-32-32h-32c-17.67 0-32 14.33-32 32v144H32c-17.67 0-32 14.33-32 32v32c0 17.67 14.33 32 32 32h144v144c0 17.67 14.33 32 32 32h32c17.67 0 32-14.33 32-32V304h144c17.67 0 32-14.33 32-32v-32c0-17.67-14.33-32-32-32z\"><\/path><\/svg><\/span><\/a>\n\t\t<\/div>\n\t<\/div>\n\n\n<div class=\"post-entry-content\">\n\n\t<h4 class=\"ele-entry-title\"><a href=\"https:\/\/skwgo.co\/en\/stock-keeper-en-la-revista-semana\/\" rel=\"bookmark\" title=\"Semana magazine edition N\u00b0 2275 \u2013 Special high flight\">Semana magazine edition N\u00b0 2275 \u2013 Special high flight<\/a><\/h4><div class=\"entry-excerpt\"><p>With great pride we announce that, according to the official statement of ANDIGRAF, we have reached the...<\/p>\n<\/div><a href=\"https:\/\/skwgo.co\/en\/stock-keeper-en-la-revista-semana\/\" target=\"\" aria-label=\"Read more about Revista semana edici\u00f3n  N\u00b0 2275 &#8211; Especial de alto vuelo\" class=\"box-button elementor-button elementor-size-xs\">Read more<\/a>\n<\/div><\/article><\/div><div class=\"visible wf-cell\" data-post-id=\"374\" data-date=\"2021-05-03T07:46:11+00:00\" data-name=\"LABELEXPO ASIA SHANGHAI\"><article class=\"post visible post-374 type-post status-publish format-standard has-post-thumbnail hentry category-uncategorized-es\" data-name=\"LABELEXPO ASIA SHANGHAI\" data-date=\"2021-05-03T07:46:11+00:00\">\n\n\t<div class=\"post-thumbnail-wrap\">\n\t\t<div class=\"post-thumbnail\">\n\n\t\t\t<a class=\"post-thumbnail-rollover layzr-bg img-css-resize-wrapper\" aria-label=\"Post image\" href=\"https:\/\/skwgo.co\/en\/labelexpo-mexico-2025\/\"><img decoding=\"async\" width=\"2560\" height=\"1920\" src=\"data:image\/svg+xml,%3Csvg%20xmlns%3D&#039;http%3A%2F%2Fwww.w3.org%2F2000%2Fsvg&#039;%20viewBox%3D&#039;0%200%202560%201920&#039;%2F%3E\" class=\"attachment-full size-full preload-me aspect lazy lazy-load\" alt=\"\" sizes=\"(max-width: 2560px) 100vw, 2560px\" style=\"--ratio: 2560 \/ 1920;\" data-src=\"https:\/\/skwgo.co\/wp-content\/uploads\/2026\/01\/IMG_0094-2-1-scaled.jpg\" loading=\"eager\" data-srcset=\"https:\/\/skwgo.co\/wp-content\/uploads\/2026\/01\/IMG_0094-2-1-scaled.jpg 2560w, https:\/\/skwgo.co\/wp-content\/uploads\/2026\/01\/IMG_0094-2-1-300x225.jpg 300w, https:\/\/skwgo.co\/wp-content\/uploads\/2026\/01\/IMG_0094-2-1-1024x768.jpg 1024w, https:\/\/skwgo.co\/wp-content\/uploads\/2026\/01\/IMG_0094-2-1-768x576.jpg 768w\" \/><span class=\"the7-hover-icon\"><svg aria-hidden=\"true\" class=\"e-font-icon-svg e-fas-plus\" viewbox=\"0 0 448 512\" xmlns=\"http:\/\/www.w3.org\/2000\/svg\"><path d=\"M416 208H272V64c0-17.67-14.33-32-32-32h-32c-17.67 0-32 14.33-32 32v144H32c-17.67 0-32 14.33-32 32v32c0 17.67 14.33 32 32 32h144v144c0 17.67 14.33 32 32 32h32c17.67 0 32-14.33 32-32V304h144c17.67 0 32-14.33 32-32v-32c0-17.67-14.33-32-32-32z\"><\/path><\/svg><\/span><\/a>\n\t\t<\/div>\n\t<\/div>\n\n\n<div class=\"post-entry-content\">\n\n\t<h4 class=\"ele-entry-title\"><a href=\"https:\/\/skwgo.co\/en\/labelexpo-mexico-2025\/\" rel=\"bookmark\" title=\"LABELEXPO ASIA, SHANGHAI\">LABELEXPO ASIA, SHANGHAI<\/a><\/h4><div class=\"entry-excerpt\"><p>Consolidando nuestro liderazgo internacionalmente\u200b Como referente latinoamericano en soluciones integrales de identificaci\u00f3n, impresi\u00f3n y trazabilidad,&hellip;<\/p>\n<\/div><a href=\"https:\/\/skwgo.co\/en\/labelexpo-mexico-2025\/\" target=\"\" aria-label=\"Read more about LABELEXPO ASIA SHANGHAI\" class=\"box-button elementor-button elementor-size-xs\">Read more<\/a>\n<\/div><\/article><\/div><div class=\"visible wf-cell\" data-post-id=\"238\" data-date=\"2021-05-02T16:34:11+00:00\" data-name=\"Certificaci\u00f3n SKIDATA 2026\"><article class=\"post visible post-238 type-post status-publish format-standard has-post-thumbnail hentry category-uncategorized-es\" data-name=\"Certificaci\u00f3n SKIDATA 2026\" data-date=\"2021-05-02T16:34:11+00:00\">\n\n\t<div class=\"post-thumbnail-wrap\">\n\t\t<div class=\"post-thumbnail\">\n\n\t\t\t<a class=\"post-thumbnail-rollover layzr-bg img-css-resize-wrapper\" aria-label=\"Post image\" href=\"https:\/\/skwgo.co\/en\/stock-keeper-certificado-con-skidata\/\"><img decoding=\"async\" width=\"997\" height=\"477\" src=\"data:image\/svg+xml,%3Csvg%20xmlns%3D&#039;http%3A%2F%2Fwww.w3.org%2F2000%2Fsvg&#039;%20viewBox%3D&#039;0%200%20997%20477&#039;%2F%3E\" class=\"attachment-full size-full preload-me aspect lazy lazy-load\" alt=\"\" sizes=\"(max-width: 997px) 100vw, 997px\" style=\"--ratio: 997 \/ 477;\" data-src=\"https:\/\/skwgo.co\/wp-content\/uploads\/2021\/05\/Captura-de-pantalla-2026-04-09-111954.png\" loading=\"eager\" data-srcset=\"https:\/\/skwgo.co\/wp-content\/uploads\/2021\/05\/Captura-de-pantalla-2026-04-09-111954.png 997w, https:\/\/skwgo.co\/wp-content\/uploads\/2021\/05\/Captura-de-pantalla-2026-04-09-111954-300x144.png 300w, https:\/\/skwgo.co\/wp-content\/uploads\/2021\/05\/Captura-de-pantalla-2026-04-09-111954-768x367.png 768w, https:\/\/skwgo.co\/wp-content\/uploads\/2021\/05\/Captura-de-pantalla-2026-04-09-111954-18x9.png 18w\" \/><span class=\"the7-hover-icon\"><svg aria-hidden=\"true\" class=\"e-font-icon-svg e-fas-plus\" viewbox=\"0 0 448 512\" xmlns=\"http:\/\/www.w3.org\/2000\/svg\"><path d=\"M416 208H272V64c0-17.67-14.33-32-32-32h-32c-17.67 0-32 14.33-32 32v144H32c-17.67 0-32 14.33-32 32v32c0 17.67 14.33 32 32 32h144v144c0 17.67 14.33 32 32 32h32c17.67 0 32-14.33 32-32V304h144c17.67 0 32-14.33 32-32v-32c0-17.67-14.33-32-32-32z\"><\/path><\/svg><\/span><\/a>\n\t\t<\/div>\n\t<\/div>\n\n\n<div class=\"post-entry-content\">\n\n\t<h4 class=\"ele-entry-title\"><a href=\"https:\/\/skwgo.co\/en\/stock-keeper-certificado-con-skidata\/\" rel=\"bookmark\" title=\"Certification SKIDATA 2026\">Certification SKIDATA 2026<\/a><\/h4><div class=\"entry-excerpt\"><p>\u00a0 En Stock Keeper mantenemos nuestros procesos alineados con la acreditaci\u00f3n internacional de SKIDATA, l\u00edder&hellip;<\/p>\n<\/div><a href=\"https:\/\/skwgo.co\/en\/stock-keeper-certificado-con-skidata\/\" target=\"\" aria-label=\"Read more about Certificaci\u00f3n SKIDATA 2026\" class=\"box-button elementor-button elementor-size-xs\">Read more<\/a>\n<\/div><\/article><\/div><\/div><!-- iso-container|iso-grid --><\/div>\t\t\t\t<\/div>\n\t\t\t\t<\/div>\n\t\t\t\t<\/div>\n\t\t\t\t<\/div>\n\t\t\t\t\t<\/div>\n\t\t\t\t<\/div>\n\t\t\t\t<\/div>","protected":false},"excerpt":{"rendered":"<p>Lo m\u00e1s reciente en stock keeper Gran logro en la industria gr\u00e1fica: alcanzamos el 4.\u00ba puesto entre los principales exportadores de etiquetas Con gran orgullo anunciamos que, de acuerdo al comunicado oficial de ANDIGRAF, hemos alcanzado el&hellip; Leer m\u00e1s Impulsando la innovaci\u00f3n en la industria de impresi\u00f3n y empaques Como parte de nuestro compromiso con&hellip;<\/p>","protected":false},"author":1,"featured_media":3679,"parent":0,"menu_order":0,"comment_status":"closed","ping_status":"closed","template":"","meta":{"footnotes":""},"class_list":["post-4568","page","type-page","status-publish","has-post-thumbnail","hentry"],"_links":{"self":[{"href":"https:\/\/skwgo.co\/en\/wp-json\/wp\/v2\/pages\/4568","targetHints":{"allow":["GET"]}}],"collection":[{"href":"https:\/\/skwgo.co\/en\/wp-json\/wp\/v2\/pages"}],"about":[{"href":"https:\/\/skwgo.co\/en\/wp-json\/wp\/v2\/types\/page"}],"author":[{"embeddable":true,"href":"https:\/\/skwgo.co\/en\/wp-json\/wp\/v2\/users\/1"}],"replies":[{"embeddable":true,"href":"https:\/\/skwgo.co\/en\/wp-json\/wp\/v2\/comments?post=4568"}],"version-history":[{"count":10,"href":"https:\/\/skwgo.co\/en\/wp-json\/wp\/v2\/pages\/4568\/revisions"}],"predecessor-version":[{"id":4699,"href":"https:\/\/skwgo.co\/en\/wp-json\/wp\/v2\/pages\/4568\/revisions\/4699"}],"wp:featuredmedia":[{"embeddable":true,"href":"https:\/\/skwgo.co\/en\/wp-json\/wp\/v2\/media\/3679"}],"wp:attachment":[{"href":"https:\/\/skwgo.co\/en\/wp-json\/wp\/v2\/media?parent=4568"}],"curies":[{"name":"wp","href":"https:\/\/api.w.org\/{rel}","templated":true}]}}